{"id":152,"date":"2016-06-12T15:34:02","date_gmt":"2016-06-12T18:34:02","guid":{"rendered":"http:\/\/hcontabilidade.com.br\/?page_id=152"},"modified":"2016-06-15T18:12:26","modified_gmt":"2016-06-15T21:12:26","slug":"fiscal","status":"publish","type":"page","link":"https:\/\/hcontabilidade.com.br\/?page_id=152","title":{"rendered":"Fiscal"},"content":{"rendered":"<p>A <strong>Haverroth\u00a0Contabilidade<\/strong> oferece todo suporte de Setor Escrita Fiscal.<\/p>\n<p><strong>Escritura\u00e7\u00e3o das Notas Fiscais Emitidas e Tomadas.<\/strong><\/p>\n<ul>\n<li>Lan\u00e7amento de Notas de Entrada<\/li>\n<li>Lan\u00e7amento de Notas de Sa\u00edda<\/li>\n<li>Lan\u00e7amentos de Notas de Servi\u00e7o<\/li>\n<\/ul>\n<p><strong>Emiss\u00e3o dos Livros Fiscais<\/strong><\/p>\n<ul>\n<li>Registro de Entradas<\/li>\n<li>Registro de Sa\u00eddas<\/li>\n<li>Registro de Apura\u00e7\u00e3o de ICMS<\/li>\n<li>Registro de Apura\u00e7\u00e3o IPI<\/li>\n<li>Registro de Invent\u00e1rio<\/li>\n<li>LALUR<\/li>\n<\/ul>\n<p><strong>Apura\u00e7\u00e3o dos impostos e contribui\u00e7\u00f5es<\/strong><\/p>\n<ul>\n<li>ICMS (Imposto sobre Circula\u00e7\u00e3o de Mercadoria e Servi\u00e7os)<\/li>\n<li>IPI (Imposto sobre produtos Industrializados)<\/li>\n<li>ISS (Imposto sobre Servi\u00e7os)<\/li>\n<li>Simples (Simples Nacional)<\/li>\n<li>PIS (Programa de Integra\u00e7\u00e3o Social)<\/li>\n<li>Cofins (Contribui\u00e7\u00e3o social sobre o faturamento Simples Estadual)<\/li>\n<li>CSLL (Contribui\u00e7\u00e3o Social sobre Lucro)<\/li>\n<li>IRPJ (Imposto de renda de pessoa Jur\u00eddica<\/li>\n<li>Refis Federal \/ Refis Municipal \/ Refis Estadual<\/li>\n<li>Declara\u00e7\u00f5es Mensais, Trimestrais, Semestrais e Anuais<\/li>\n<\/ul>\n<p><strong>Federal:<\/strong><\/p>\n<ul>\n<li><a href=\"http:\/\/www.receita.fazenda.gov.br\/PessoaJuridica\/Dacon\/Default.htm\" target=\"_blank\">DACON<\/a><\/li>\n<li><a href=\"https:\/\/www8.receita.fazenda.gov.br\/SimplesNacional\/sobre\/perguntas.asp\" target=\"_blank\">DASN<\/a><\/li>\n<li><a href=\"http:\/\/www.receita.fazenda.gov.br\/PessoaJuridica\/Dimob\/Default.htm\" target=\"_blank\">DIMOB<\/a><\/li>\n<li><a href=\"http:\/\/www.receita.fazenda.gov.br\/GuiaContribuinte\/RestRessarComp\/Compensacao\/default.htm\" target=\"_blank\">PERDCOMP<\/a><\/li>\n<li><a href=\"http:\/\/www.receita.fazenda.gov.br\/Principal\/Informacoes\/InfoDeclara\/declaraDIPJ.htm\" target=\"_blank\">DIPJ<\/a><\/li>\n<li><a href=\"http:\/\/www.receita.fazenda.gov.br\/Principal\/Informacoes\/InfoDeclara\/declaraPJSimples.htm\" target=\"_blank\">PJ Simples e Inativa<\/a><\/li>\n<li><a href=\"http:\/\/www.receita.fazenda.gov.br\/Principal\/Informacoes\/InfoDeclara\/declaraDIRF.htm\" target=\"_blank\">DIRF<\/a><\/li>\n<li><a href=\"http:\/\/www.receita.fazenda.gov.br\/PessoaFisica\/Declara2009Informa1.htm\" target=\"_blank\">DIRFF<\/a><\/li>\n<\/ul>\n<p><strong>Estadual:<\/strong><\/p>\n<ul>\n<li><a href=\"http:\/\/www.sef.sc.gov.br\/index.php?option=com_content&amp;task=view&amp;id=107&amp;Itemid=248\" target=\"_blank\">DIME<\/a><\/li>\n<li><a href=\"http:\/\/www.sef.sc.gov.br\/index.php?option=com_content&amp;task=category&amp;sectionid=39&amp;id=176&amp;Itemid=216\" target=\"_blank\">SINTEGRA<\/a><\/li>\n<\/ul>\n<p><strong>Municipal:<\/strong><\/p>\n<ul>\n<li><a href=\"https:\/\/www.nfem.joinville.sc.gov.br\/area_conteudo.aspx?id=2\" target=\"_blank\">NF-e<\/a><\/li>\n<\/ul>\n<p><strong>Outras declara\u00e7\u00f5es:<\/strong><\/p>\n<ul>\n<li><a href=\"http:\/\/www.ibge.gov.br\/questionarios\/default.html\" target=\"_blank\">IBGE<\/a><\/li>\n<li><a href=\"http:\/\/www.mp.sc.gov.br\/portal\/site\/portal\/portal_detalhe.asp?campo=2629\" target=\"_blank\">DITR<\/a><\/li>\n<li><a href=\"http:\/\/www.mp.sc.gov.br\/portal\/site\/portal\/portal_detalhe.asp?campo=2629\" target=\"_blank\">SICAP<\/a><\/li>\n<\/ul>\n","protected":false},"excerpt":{"rendered":"<p>A Haverroth\u00a0Contabilidade oferece todo suporte de Setor Escrita Fiscal. Escritura\u00e7\u00e3o das Notas Fiscais Emitidas e Tomadas. Lan\u00e7amento de Notas de Entrada Lan\u00e7amento de Notas de Sa\u00edda Lan\u00e7amentos de Notas de Servi\u00e7o Emiss\u00e3o dos Livros Fiscais Registro de Entradas Registro de Sa\u00eddas Registro de Apura\u00e7\u00e3o de ICMS Registro de Apura\u00e7\u00e3o IPI Registro de Invent\u00e1rio LALUR Apura\u00e7\u00e3o [&hellip;]<\/p>\n","protected":false},"author":1,"featured_media":0,"parent":7,"menu_order":5,"comment_status":"closed","ping_status":"closed","template":"page-servicos.php","meta":{"footnotes":""},"_links":{"self":[{"href":"https:\/\/hcontabilidade.com.br\/index.php?rest_route=\/wp\/v2\/pages\/152"}],"collection":[{"href":"https:\/\/hcontabilidade.com.br\/index.php?rest_route=\/wp\/v2\/pages"}],"about":[{"href":"https:\/\/hcontabilidade.com.br\/index.php?rest_route=\/wp\/v2\/types\/page"}],"author":[{"embeddable":true,"href":"https:\/\/hcontabilidade.com.br\/index.php?rest_route=\/wp\/v2\/users\/1"}],"replies":[{"embeddable":true,"href":"https:\/\/hcontabilidade.com.br\/index.php?rest_route=%2Fwp%2Fv2%2Fcomments&post=152"}],"version-history":[{"count":5,"href":"https:\/\/hcontabilidade.com.br\/index.php?rest_route=\/wp\/v2\/pages\/152\/revisions"}],"predecessor-version":[{"id":252,"href":"https:\/\/hcontabilidade.com.br\/index.php?rest_route=\/wp\/v2\/pages\/152\/revisions\/252"}],"up":[{"embeddable":true,"href":"https:\/\/hcontabilidade.com.br\/index.php?rest_route=\/wp\/v2\/pages\/7"}],"wp:attachment":[{"href":"https:\/\/hcontabilidade.com.br\/index.php?rest_route=%2Fwp%2Fv2%2Fmedia&parent=152"}],"curies":[{"name":"wp","href":"https:\/\/api.w.org\/{rel}","templated":true}]}}