{"id":154,"date":"2016-06-12T15:34:25","date_gmt":"2016-06-12T18:34:25","guid":{"rendered":"http:\/\/hcontabilidade.com.br\/?page_id=154"},"modified":"2016-06-28T22:37:27","modified_gmt":"2016-06-29T01:37:27","slug":"pessoal","status":"publish","type":"page","link":"https:\/\/hcontabilidade.com.br\/?page_id=154","title":{"rendered":"Pessoal"},"content":{"rendered":"<p>A <strong>Haverroth\u00a0Contabilidade<\/strong> oferece todo suporte de Departamento Pessoal.<\/p>\n<ul>\n<li>Admiss\u00e3o de Funcion\u00e1rios<\/li>\n<li>Emiss\u00e3o dos relat\u00f3rios Admissionais<\/li>\n<li>Controle e Aviso do T\u00e9rmino do contrato de Experi\u00eancia<\/li>\n<li>Cadastro de Funcion\u00e1rios junto ao Pis<\/li>\n<li>C\u00e1lculo e Elabora\u00e7\u00e3o do aviso e recibo de F\u00e9rias<\/li>\n<li>Posi\u00e7\u00e3o de F\u00e9rias atualizada.<\/li>\n<li>Elabora\u00e7\u00e3o da Folha Mensal e 13\u00ba Sal\u00e1rio<\/li>\n<li>Emiss\u00e3o e resumo da Folha de Pagamento<\/li>\n<li>Emiss\u00e3o de FGTS.<\/li>\n<li>Emiss\u00e3o de GPS (INSS).<\/li>\n<li>Elabora\u00e7\u00e3o do Adiantamento Salarial<\/li>\n<li>Rescis\u00e3o e Homologa\u00e7\u00e3o das rescis\u00f5es de contrato<\/li>\n<li>Apresenta\u00e7\u00e3o de Documentos na Fiscaliza\u00e7\u00e3o do Minist\u00e9rio do Trabalho<\/li>\n<li>Atualiza\u00e7\u00e3o das Fichas de Registro e Carteira Profissional<\/li>\n<li>Elabora\u00e7\u00e3o das guias de Contribui\u00e7\u00e3o Sindical Patronal<\/li>\n<li>Elabora\u00e7\u00e3o de contratos de Parcelamento de INSS e FGTS<\/li>\n<li>Controle e emiss\u00e3o das guias de parcelamento<\/li>\n<li>Elabora\u00e7\u00e3o das guias de INSS de Contribuintes Individuais<\/li>\n<\/ul>\n<p><strong>Elabora\u00e7\u00e3o e entrega de Declara\u00e7\u00f5es:<\/strong><\/p>\n<ul>\n<li>DIRF<\/li>\n<li>CAGED<\/li>\n<li>RAIS<\/li>\n<li>Entrega mensal do Arquivo Magn\u00e9tico do FGTS<\/li>\n<\/ul>\n<p><strong>Elabora\u00e7\u00e3o dos impostos sobre folha de pagamento<\/strong><\/p>\n<ul>\n<li>Guia de INSS (GPS).<\/li>\n<li>Guia de FGTS.<\/li>\n<li>Guias de Contribui\u00e7\u00e3o Sindicais.<\/li>\n<li>Guia de DARF do IR.<\/li>\n<li>Guia de PIS.<\/li>\n<\/ul>\n<p><a href=\"http:\/\/hcontabilidade.com.br\/wp-content\/uploads\/2016\/06\/Ficha-Registro-Haverroth.pdf\">Clique aqui para fazer o download da Ficha Admissional em formato\u00a0PDF<\/a><\/p>\n","protected":false},"excerpt":{"rendered":"<p>A Haverroth\u00a0Contabilidade oferece todo suporte de Departamento Pessoal. Admiss\u00e3o de Funcion\u00e1rios Emiss\u00e3o dos relat\u00f3rios Admissionais Controle e Aviso do T\u00e9rmino do contrato de Experi\u00eancia Cadastro de Funcion\u00e1rios junto ao Pis C\u00e1lculo e Elabora\u00e7\u00e3o do aviso e recibo de F\u00e9rias Posi\u00e7\u00e3o de F\u00e9rias atualizada. Elabora\u00e7\u00e3o da Folha Mensal e 13\u00ba Sal\u00e1rio Emiss\u00e3o e resumo da Folha [&hellip;]<\/p>\n","protected":false},"author":1,"featured_media":0,"parent":7,"menu_order":6,"comment_status":"closed","ping_status":"closed","template":"page-servicos.php","meta":{"footnotes":""},"_links":{"self":[{"href":"https:\/\/hcontabilidade.com.br\/index.php?rest_route=\/wp\/v2\/pages\/154"}],"collection":[{"href":"https:\/\/hcontabilidade.com.br\/index.php?rest_route=\/wp\/v2\/pages"}],"about":[{"href":"https:\/\/hcontabilidade.com.br\/index.php?rest_route=\/wp\/v2\/types\/page"}],"author":[{"embeddable":true,"href":"https:\/\/hcontabilidade.com.br\/index.php?rest_route=\/wp\/v2\/users\/1"}],"replies":[{"embeddable":true,"href":"https:\/\/hcontabilidade.com.br\/index.php?rest_route=%2Fwp%2Fv2%2Fcomments&post=154"}],"version-history":[{"count":6,"href":"https:\/\/hcontabilidade.com.br\/index.php?rest_route=\/wp\/v2\/pages\/154\/revisions"}],"predecessor-version":[{"id":334,"href":"https:\/\/hcontabilidade.com.br\/index.php?rest_route=\/wp\/v2\/pages\/154\/revisions\/334"}],"up":[{"embeddable":true,"href":"https:\/\/hcontabilidade.com.br\/index.php?rest_route=\/wp\/v2\/pages\/7"}],"wp:attachment":[{"href":"https:\/\/hcontabilidade.com.br\/index.php?rest_route=%2Fwp%2Fv2%2Fmedia&parent=154"}],"curies":[{"name":"wp","href":"https:\/\/api.w.org\/{rel}","templated":true}]}}