{"id":2,"date":"2016-06-07T06:53:03","date_gmt":"2016-06-07T09:53:03","guid":{"rendered":"http:\/\/hcontabilidade.com.br\/?page_id=2"},"modified":"2023-10-27T16:49:27","modified_gmt":"2023-10-27T19:49:27","slug":"pagina-exemplo","status":"publish","type":"page","link":"https:\/\/hcontabilidade.com.br\/","title":{"rendered":"Home"},"content":{"rendered":"<p style=\"text-align: center;\"><strong>Nossa principal preocupa\u00e7\u00e3o \u00e9 atender bem e satisfazer nossos clientes, garantindo confiabilidade e qualidade nos servi\u00e7os prestados.<\/strong><\/p>\n<p style=\"text-align: center;\"><a id=\"#botao-contato\" class=\" banner-button\" href=\"http:\/\/hcontabilidade.com.br\/?page_id=12\">Entre em contato<\/a><\/p>\n","protected":false},"excerpt":{"rendered":"<p>Nossa principal preocupa\u00e7\u00e3o \u00e9 atender bem e satisfazer nossos clientes, garantindo confiabilidade e qualidade nos servi\u00e7os prestados.<\/p>\n","protected":false},"author":1,"featured_media":276,"parent":0,"menu_order":0,"comment_status":"closed","ping_status":"open","template":"","meta":{"footnotes":""},"_links":{"self":[{"href":"https:\/\/hcontabilidade.com.br\/index.php?rest_route=\/wp\/v2\/pages\/2"}],"collection":[{"href":"https:\/\/hcontabilidade.com.br\/index.php?rest_route=\/wp\/v2\/pages"}],"about":[{"href":"https:\/\/hcontabilidade.com.br\/index.php?rest_route=\/wp\/v2\/types\/page"}],"author":[{"embeddable":true,"href":"https:\/\/hcontabilidade.com.br\/index.php?rest_route=\/wp\/v2\/users\/1"}],"replies":[{"embeddable":true,"href":"https:\/\/hcontabilidade.com.br\/index.php?rest_route=%2Fwp%2Fv2%2Fcomments&post=2"}],"version-history":[{"count":38,"href":"https:\/\/hcontabilidade.com.br\/index.php?rest_route=\/wp\/v2\/pages\/2\/revisions"}],"predecessor-version":[{"id":420,"href":"https:\/\/hcontabilidade.com.br\/index.php?rest_route=\/wp\/v2\/pages\/2\/revisions\/420"}],"wp:featuredmedia":[{"embeddable":true,"href":"https:\/\/hcontabilidade.com.br\/index.php?rest_route=\/wp\/v2\/media\/276"}],"wp:attachment":[{"href":"https:\/\/hcontabilidade.com.br\/index.php?rest_route=%2Fwp%2Fv2%2Fmedia&parent=2"}],"curies":[{"name":"wp","href":"https:\/\/api.w.org\/{rel}","templated":true}]}}