{"id":257,"date":"2016-06-15T18:24:39","date_gmt":"2016-06-15T21:24:39","guid":{"rendered":"http:\/\/hcontabilidade.com.br\/?page_id=257"},"modified":"2020-11-23T09:56:55","modified_gmt":"2020-11-23T12:56:55","slug":"certificacao-negativa-de-debito","status":"publish","type":"page","link":"https:\/\/hcontabilidade.com.br\/?page_id=257","title":{"rendered":"Certifica\u00e7\u00e3o Negativa de D\u00e9bito"},"content":{"rendered":"","protected":false},"excerpt":{"rendered":"","protected":false},"author":1,"featured_media":0,"parent":7,"menu_order":8,"comment_status":"closed","ping_status":"closed","template":"page-servicos.php","meta":{"footnotes":""},"_links":{"self":[{"href":"https:\/\/hcontabilidade.com.br\/index.php?rest_route=\/wp\/v2\/pages\/257"}],"collection":[{"href":"https:\/\/hcontabilidade.com.br\/index.php?rest_route=\/wp\/v2\/pages"}],"about":[{"href":"https:\/\/hcontabilidade.com.br\/index.php?rest_route=\/wp\/v2\/types\/page"}],"author":[{"embeddable":true,"href":"https:\/\/hcontabilidade.com.br\/index.php?rest_route=\/wp\/v2\/users\/1"}],"replies":[{"embeddable":true,"href":"https:\/\/hcontabilidade.com.br\/index.php?rest_route=%2Fwp%2Fv2%2Fcomments&post=257"}],"version-history":[{"count":8,"href":"https:\/\/hcontabilidade.com.br\/index.php?rest_route=\/wp\/v2\/pages\/257\/revisions"}],"predecessor-version":[{"id":347,"href":"https:\/\/hcontabilidade.com.br\/index.php?rest_route=\/wp\/v2\/pages\/257\/revisions\/347"}],"up":[{"embeddable":true,"href":"https:\/\/hcontabilidade.com.br\/index.php?rest_route=\/wp\/v2\/pages\/7"}],"wp:attachment":[{"href":"https:\/\/hcontabilidade.com.br\/index.php?rest_route=%2Fwp%2Fv2%2Fmedia&parent=257"}],"curies":[{"name":"wp","href":"https:\/\/api.w.org\/{rel}","templated":true}]}}