{"id":5,"date":"2016-06-07T07:23:02","date_gmt":"2016-06-07T10:23:02","guid":{"rendered":"http:\/\/hcontabilidade.com.br\/?page_id=5"},"modified":"2016-06-15T17:44:43","modified_gmt":"2016-06-15T20:44:43","slug":"a-empresa","status":"publish","type":"page","link":"https:\/\/hcontabilidade.com.br\/?page_id=5","title":{"rendered":"A Empresa"},"content":{"rendered":"<p style=\"text-align: center;\">A Haverroth Contabilidade \u00e9 uma empresa que atua no mercado desde Junho de 1996, no ramo de Servi\u00e7os Cont\u00e1beis. Tem como seus Fundadores: Jaime Haverroth e sua esposa Ivanir Piai haverroth. Hoje s\u00e3o s\u00f3cios tamb\u00e9m da empresa seus filhos Jackson Taylor Piai Haverroth, Jeremy Antony Piai Haverroth e James Piai Haverroth.<\/p>\n","protected":false},"excerpt":{"rendered":"<p>A Haverroth Contabilidade \u00e9 uma empresa que atua no mercado desde Junho de 1996, no ramo de Servi\u00e7os Cont\u00e1beis. Tem como seus Fundadores: Jaime Haverroth e sua esposa Ivanir Piai haverroth. Hoje s\u00e3o s\u00f3cios tamb\u00e9m da empresa seus filhos Jackson Taylor Piai Haverroth, Jeremy Antony Piai Haverroth e James Piai Haverroth.<\/p>\n","protected":false},"author":1,"featured_media":113,"parent":0,"menu_order":0,"comment_status":"closed","ping_status":"closed","template":"page-empresa.php","meta":{"footnotes":""},"_links":{"self":[{"href":"https:\/\/hcontabilidade.com.br\/index.php?rest_route=\/wp\/v2\/pages\/5"}],"collection":[{"href":"https:\/\/hcontabilidade.com.br\/index.php?rest_route=\/wp\/v2\/pages"}],"about":[{"href":"https:\/\/hcontabilidade.com.br\/index.php?rest_route=\/wp\/v2\/types\/page"}],"author":[{"embeddable":true,"href":"https:\/\/hcontabilidade.com.br\/index.php?rest_route=\/wp\/v2\/users\/1"}],"replies":[{"embeddable":true,"href":"https:\/\/hcontabilidade.com.br\/index.php?rest_route=%2Fwp%2Fv2%2Fcomments&post=5"}],"version-history":[{"count":22,"href":"https:\/\/hcontabilidade.com.br\/index.php?rest_route=\/wp\/v2\/pages\/5\/revisions"}],"predecessor-version":[{"id":247,"href":"https:\/\/hcontabilidade.com.br\/index.php?rest_route=\/wp\/v2\/pages\/5\/revisions\/247"}],"wp:featuredmedia":[{"embeddable":true,"href":"https:\/\/hcontabilidade.com.br\/index.php?rest_route=\/wp\/v2\/media\/113"}],"wp:attachment":[{"href":"https:\/\/hcontabilidade.com.br\/index.php?rest_route=%2Fwp%2Fv2%2Fmedia&parent=5"}],"curies":[{"name":"wp","href":"https:\/\/api.w.org\/{rel}","templated":true}]}}